{"id":1068,"date":"2023-06-13T07:34:45","date_gmt":"2023-06-13T05:34:45","guid":{"rendered":"http:\/\/localhost\/laurent-romain\/our-chateaux-et-domaines\/"},"modified":"2023-07-06T11:05:35","modified_gmt":"2023-07-06T09:05:35","slug":"our-chateaux-et-domaines","status":"publish","type":"page","link":"https:\/\/laurent-romain.com\/en\/our-chateaux-et-domaines\/","title":{"rendered":"Our ch\u00e2teaux et domaines"},"content":{"rendered":"<div class=\"fusion-fullwidth fullwidth-box fusion-builder-row-1 fusion-flex-container has-pattern-background has-mask-background nonhundred-percent-fullwidth non-hundred-percent-height-scrolling\" style=\"--awb-border-radius-top-left:0px;--awb-border-radius-top-right:0px;--awb-border-radius-bottom-right:0px;--awb-border-radius-bottom-left:0px;--awb-margin-top:40px;\" ><div class=\"fusion-builder-row fusion-row fusion-flex-align-items-flex-start\" style=\"max-width:1248px;margin-left: calc(-4% \/ 2 );margin-right: calc(-4% \/ 2 );\"><div class=\"fusion-layout-column fusion_builder_column fusion-builder-column-0 fusion_builder_column_1_1 1_1 fusion-flex-column\" style=\"--awb-bg-size:cover;--awb-width-large:100%;--awb-margin-top-large:0px;--awb-spacing-right-large:1.92%;--awb-margin-bottom-large:20px;--awb-spacing-left-large:1.92%;--awb-width-medium:100%;--awb-order-medium:0;--awb-spacing-right-medium:1.92%;--awb-spacing-left-medium:1.92%;--awb-width-small:100%;--awb-order-small:0;--awb-spacing-right-small:1.92%;--awb-spacing-left-small:1.92%;\"><div class=\"fusion-column-wrapper fusion-column-has-shadow fusion-flex-justify-content-flex-start fusion-content-layout-column\"><style type=\"text\/css\">.fusion-portfolio-wrapper#fusion-portfolio-1 .fusion-portfolio-content{  text-align: center; }<\/style><div class=\"fusion-recent-works fusion-portfolio-element fusion-portfolio fusion-portfolio-1 fusion-portfolio-grid fusion-portfolio-paging-infinite fusion-portfolio-four fusion-portfolio-unboxed fusion-portfolio-text fusion-portfolio-equal-heights fusion-portfolio-rollover\" data-id=\"-rw-1\" data-columns=\"four\"><style type=\"text\/css\">.fusion-portfolio-1 .fusion-portfolio-wrapper .fusion-col-spacing{padding:15px;}<\/style><div class=\"fusion-portfolio-wrapper\" id=\"fusion-portfolio-1\" data-picturesize=\"auto\" data-pages=\"0\" style=\"margin:-15px;\"><article id=\"portfolio-1-post-1084\" class=\"fusion-portfolio-post chateaux-et-domaines-en fusion-col-spacing post-1084\"><div class=\"fusion-portfolio-content-wrapper\" style=\"border:none;\"><span class=\"vcard rich-snippet-hidden\"><span class=\"fn\"><a href=\"https:\/\/laurent-romain.com\/en\/author\/site-internet\/\" title=\"Posts by site-internet\" rel=\"author\">site-internet<\/a><\/span><\/span><div  class=\"fusion-image-wrapper\" aria-haspopup=\"true\">\n\t\t\t\t<img decoding=\"async\" width=\"250\" height=\"250\" src=\"https:\/\/laurent-romain.com\/wp-content\/uploads\/2023\/06\/aop-saint-estephe-rouge.jpg\" class=\"attachment-full size-full wp-post-image\" alt=\"\" srcset=\"https:\/\/laurent-romain.com\/wp-content\/uploads\/2023\/06\/aop-saint-estephe-rouge-200x200.jpg 200w, https:\/\/laurent-romain.com\/wp-content\/uploads\/2023\/06\/aop-saint-estephe-rouge.jpg 250w\" sizes=\"(min-width: 2200px) 100vw, (min-width: 856px) 278px, (min-width: 784px) 370px, (min-width: 712px) 555px, (min-width: 640px) 712px, \" \/><div class=\"fusion-rollover\">\n\t<div class=\"fusion-rollover-content\">\n\n\t\t\t\t\t\t\t\t\t\t\t\t\t\t<a class=\"fusion-rollover-link\" href=\"https:\/\/laurent-romain.com\/en\/vin\/chateau-puy-castera-aop-saint-estephe-rouge-2021\/?portfolioCats=59%2C59\">Ch\u00e2teau Puy Cast\u00e9ra AOP Saint-Est\u00e8phe Rouge<\/a>\n\t\t\t\n\t\t\t\t\t\t\t\t\n\t\t\n\t\t\t\t\t\t\t\t\n\t\t\t\t\t\t\t\t\n\t\t\n\t\t\t\t\t\t<a class=\"fusion-link-wrapper\" href=\"https:\/\/laurent-romain.com\/en\/vin\/chateau-puy-castera-aop-saint-estephe-rouge-2021\/?portfolioCats=59%2C59\" aria-label=\"Ch\u00e2teau Puy Cast\u00e9ra AOP Saint-Est\u00e8phe Rouge\"><\/a>\n\t<\/div>\n<\/div>\n<\/div>\n<div class=\"fusion-portfolio-content\"><h2 class=\"entry-title fusion-post-title\"><a href=\"https:\/\/laurent-romain.com\/en\/vin\/chateau-puy-castera-aop-saint-estephe-rouge-2021\/?portfolioCats=59%2C59\">Ch\u00e2teau Puy Cast\u00e9ra AOP Saint-Est\u00e8phe Rouge<\/a><\/h2><div class=\"fusion-post-content\"><\/div><\/div><\/div><\/article><article id=\"portfolio-1-post-1076\" class=\"fusion-portfolio-post chateaux-et-domaines-en fusion-col-spacing post-1076\"><div class=\"fusion-portfolio-content-wrapper\" style=\"border:none;\"><span class=\"vcard rich-snippet-hidden\"><span class=\"fn\"><a href=\"https:\/\/laurent-romain.com\/en\/author\/site-internet\/\" title=\"Posts by site-internet\" rel=\"author\">site-internet<\/a><\/span><\/span><div  class=\"fusion-image-wrapper\" aria-haspopup=\"true\">\n\t\t\t\t<img decoding=\"async\" width=\"250\" height=\"250\" src=\"https:\/\/laurent-romain.com\/wp-content\/uploads\/2023\/06\/aop-haut-medoc-cru-bourgeois-rouge.jpg\" class=\"attachment-full size-full wp-post-image\" alt=\"\" srcset=\"https:\/\/laurent-romain.com\/wp-content\/uploads\/2023\/06\/aop-haut-medoc-cru-bourgeois-rouge-200x200.jpg 200w, https:\/\/laurent-romain.com\/wp-content\/uploads\/2023\/06\/aop-haut-medoc-cru-bourgeois-rouge.jpg 250w\" sizes=\"(min-width: 2200px) 100vw, (min-width: 856px) 278px, (min-width: 784px) 370px, (min-width: 712px) 555px, (min-width: 640px) 712px, \" \/><div class=\"fusion-rollover\">\n\t<div class=\"fusion-rollover-content\">\n\n\t\t\t\t\t\t\t\t\t\t\t\t\t\t<a class=\"fusion-rollover-link\" href=\"https:\/\/laurent-romain.com\/en\/vin\/chateau-puy-castera-aop-haut-medoc-cru-bourgeois-rouge\/?portfolioCats=59%2C59\">Ch\u00e2teau Puy Cast\u00e9ra AOP Haut M\u00e9doc Cru Bourgeois Rouge<\/a>\n\t\t\t\n\t\t\t\t\t\t\t\t\n\t\t\n\t\t\t\t\t\t\t\t\n\t\t\t\t\t\t\t\t\n\t\t\n\t\t\t\t\t\t<a class=\"fusion-link-wrapper\" href=\"https:\/\/laurent-romain.com\/en\/vin\/chateau-puy-castera-aop-haut-medoc-cru-bourgeois-rouge\/?portfolioCats=59%2C59\" aria-label=\"Ch\u00e2teau Puy Cast\u00e9ra AOP Haut M\u00e9doc Cru Bourgeois Rouge\"><\/a>\n\t<\/div>\n<\/div>\n<\/div>\n<div class=\"fusion-portfolio-content\"><h2 class=\"entry-title fusion-post-title\"><a href=\"https:\/\/laurent-romain.com\/en\/vin\/chateau-puy-castera-aop-haut-medoc-cru-bourgeois-rouge\/?portfolioCats=59%2C59\">Ch\u00e2teau Puy Cast\u00e9ra AOP Haut M\u00e9doc Cru Bourgeois Rouge<\/a><\/h2><div class=\"fusion-post-content\"><\/div><\/div><\/div><\/article><article id=\"portfolio-1-post-1079\" class=\"fusion-portfolio-post chateaux-et-domaines-en fusion-col-spacing post-1079\"><div class=\"fusion-portfolio-content-wrapper\" style=\"border:none;\"><span class=\"vcard rich-snippet-hidden\"><span class=\"fn\"><a href=\"https:\/\/laurent-romain.com\/en\/author\/site-internet\/\" title=\"Posts by site-internet\" rel=\"author\">site-internet<\/a><\/span><\/span><div  class=\"fusion-image-wrapper\" aria-haspopup=\"true\">\n\t\t\t\t<img decoding=\"async\" width=\"250\" height=\"250\" src=\"https:\/\/laurent-romain.com\/wp-content\/uploads\/2023\/06\/pontey-medoc-cru-bourgeois-rouge.jpg\" class=\"attachment-full size-full wp-post-image\" alt=\"\" srcset=\"https:\/\/laurent-romain.com\/wp-content\/uploads\/2023\/06\/pontey-medoc-cru-bourgeois-rouge-200x200.jpg 200w, https:\/\/laurent-romain.com\/wp-content\/uploads\/2023\/06\/pontey-medoc-cru-bourgeois-rouge.jpg 250w\" sizes=\"(min-width: 2200px) 100vw, (min-width: 856px) 278px, (min-width: 784px) 370px, (min-width: 712px) 555px, (min-width: 640px) 712px, \" \/><div class=\"fusion-rollover\">\n\t<div class=\"fusion-rollover-content\">\n\n\t\t\t\t\t\t\t\t\t\t\t\t\t\t<a class=\"fusion-rollover-link\" href=\"https:\/\/laurent-romain.com\/en\/vin\/chateau-pontey-aop-medoc-cru-bourgeois-rouge-2019\/?portfolioCats=59%2C59\">Ch\u00e2teau Pontey AOP M\u00e9doc Cru Bourgeois Rouge<\/a>\n\t\t\t\n\t\t\t\t\t\t\t\t\n\t\t\n\t\t\t\t\t\t\t\t\n\t\t\t\t\t\t\t\t\n\t\t\n\t\t\t\t\t\t<a class=\"fusion-link-wrapper\" href=\"https:\/\/laurent-romain.com\/en\/vin\/chateau-pontey-aop-medoc-cru-bourgeois-rouge-2019\/?portfolioCats=59%2C59\" aria-label=\"Ch\u00e2teau Pontey AOP M\u00e9doc Cru Bourgeois Rouge\"><\/a>\n\t<\/div>\n<\/div>\n<\/div>\n<div class=\"fusion-portfolio-content\"><h2 class=\"entry-title fusion-post-title\"><a href=\"https:\/\/laurent-romain.com\/en\/vin\/chateau-pontey-aop-medoc-cru-bourgeois-rouge-2019\/?portfolioCats=59%2C59\">Ch\u00e2teau Pontey AOP M\u00e9doc Cru Bourgeois Rouge<\/a><\/h2><div class=\"fusion-post-content\"><\/div><\/div><\/div><\/article><article id=\"portfolio-1-post-1077\" class=\"fusion-portfolio-post chateaux-et-domaines-en fusion-col-spacing post-1077\"><div class=\"fusion-portfolio-content-wrapper\" style=\"border:none;\"><span class=\"vcard rich-snippet-hidden\"><span class=\"fn\"><a href=\"https:\/\/laurent-romain.com\/en\/author\/site-internet\/\" title=\"Posts by site-internet\" rel=\"author\">site-internet<\/a><\/span><\/span><div  class=\"fusion-image-wrapper\" aria-haspopup=\"true\">\n\t\t\t\t<img decoding=\"async\" width=\"250\" height=\"250\" src=\"https:\/\/laurent-romain.com\/wp-content\/uploads\/2023\/06\/holden-haut-medoc-rouge.jpg\" class=\"attachment-full size-full wp-post-image\" alt=\"\" srcset=\"https:\/\/laurent-romain.com\/wp-content\/uploads\/2023\/06\/holden-haut-medoc-rouge-200x200.jpg 200w, https:\/\/laurent-romain.com\/wp-content\/uploads\/2023\/06\/holden-haut-medoc-rouge.jpg 250w\" sizes=\"(min-width: 2200px) 100vw, (min-width: 856px) 278px, (min-width: 784px) 370px, (min-width: 712px) 555px, (min-width: 640px) 712px, \" \/><div class=\"fusion-rollover\">\n\t<div class=\"fusion-rollover-content\">\n\n\t\t\t\t\t\t\t\t\t\t\t\t\t\t<a class=\"fusion-rollover-link\" href=\"https:\/\/laurent-romain.com\/en\/vin\/chateau-holden-aop-haut-medoc-rouge\/?portfolioCats=59%2C59\">Ch\u00e2teau Holden AOP Haut M\u00e9doc Rouge<\/a>\n\t\t\t\n\t\t\t\t\t\t\t\t\n\t\t\n\t\t\t\t\t\t\t\t\n\t\t\t\t\t\t\t\t\n\t\t\n\t\t\t\t\t\t<a class=\"fusion-link-wrapper\" href=\"https:\/\/laurent-romain.com\/en\/vin\/chateau-holden-aop-haut-medoc-rouge\/?portfolioCats=59%2C59\" aria-label=\"Ch\u00e2teau Holden AOP Haut M\u00e9doc Rouge\"><\/a>\n\t<\/div>\n<\/div>\n<\/div>\n<div class=\"fusion-portfolio-content\"><h2 class=\"entry-title fusion-post-title\"><a href=\"https:\/\/laurent-romain.com\/en\/vin\/chateau-holden-aop-haut-medoc-rouge\/?portfolioCats=59%2C59\">Ch\u00e2teau Holden AOP Haut M\u00e9doc Rouge<\/a><\/h2><div class=\"fusion-post-content\"><\/div><\/div><\/div><\/article><article id=\"portfolio-1-post-1682\" class=\"fusion-portfolio-post chateaux-et-domaines-en fusion-col-spacing post-1682\"><div class=\"fusion-portfolio-content-wrapper\" style=\"border:none;\"><span class=\"vcard rich-snippet-hidden\"><span class=\"fn\"><a href=\"https:\/\/laurent-romain.com\/en\/author\/site-internet\/\" title=\"Posts by site-internet\" rel=\"author\">site-internet<\/a><\/span><\/span><div  class=\"fusion-image-wrapper\" aria-haspopup=\"true\">\n\t\t\t\t<img decoding=\"async\" width=\"250\" height=\"250\" src=\"https:\/\/laurent-romain.com\/wp-content\/uploads\/2023\/06\/aop-margaux-rouge-1.jpg\" class=\"attachment-full size-full wp-post-image\" alt=\"\" srcset=\"https:\/\/laurent-romain.com\/wp-content\/uploads\/2023\/06\/aop-margaux-rouge-1-200x200.jpg 200w, https:\/\/laurent-romain.com\/wp-content\/uploads\/2023\/06\/aop-margaux-rouge-1.jpg 250w\" sizes=\"(min-width: 2200px) 100vw, (min-width: 856px) 278px, (min-width: 784px) 370px, (min-width: 712px) 555px, (min-width: 640px) 712px, \" \/><div class=\"fusion-rollover\">\n\t<div class=\"fusion-rollover-content\">\n\n\t\t\t\t\t\t\t\t\t\t\t\t\t\t<a class=\"fusion-rollover-link\" href=\"https:\/\/laurent-romain.com\/en\/vin\/aop-margaux-rouge\/?portfolioCats=59%2C59\">AOP Margaux Rouge<\/a>\n\t\t\t\n\t\t\t\t\t\t\t\t\n\t\t\n\t\t\t\t\t\t\t\t\n\t\t\t\t\t\t\t\t\n\t\t\n\t\t\t\t\t\t<a class=\"fusion-link-wrapper\" href=\"https:\/\/laurent-romain.com\/en\/vin\/aop-margaux-rouge\/?portfolioCats=59%2C59\" aria-label=\"AOP Margaux Rouge\"><\/a>\n\t<\/div>\n<\/div>\n<\/div>\n<div class=\"fusion-portfolio-content\"><h2 class=\"entry-title fusion-post-title\"><a href=\"https:\/\/laurent-romain.com\/en\/vin\/aop-margaux-rouge\/?portfolioCats=59%2C59\">AOP Margaux Rouge<\/a><\/h2><div class=\"fusion-post-content\"><\/div><\/div><\/div><\/article><article id=\"portfolio-1-post-1078\" class=\"fusion-portfolio-post chateaux-et-domaines-en fusion-col-spacing post-1078\"><div class=\"fusion-portfolio-content-wrapper\" style=\"border:none;\"><span class=\"vcard rich-snippet-hidden\"><span class=\"fn\"><a href=\"https:\/\/laurent-romain.com\/en\/author\/site-internet\/\" title=\"Posts by site-internet\" rel=\"author\">site-internet<\/a><\/span><\/span><div  class=\"fusion-image-wrapper\" aria-haspopup=\"true\">\n\t\t\t\t<img decoding=\"async\" width=\"250\" height=\"250\" src=\"https:\/\/laurent-romain.com\/wp-content\/uploads\/2023\/06\/plagnac-medoc-cru-bourgeois-rouge.jpg\" class=\"attachment-full size-full wp-post-image\" alt=\"\" srcset=\"https:\/\/laurent-romain.com\/wp-content\/uploads\/2023\/06\/plagnac-medoc-cru-bourgeois-rouge-200x200.jpg 200w, https:\/\/laurent-romain.com\/wp-content\/uploads\/2023\/06\/plagnac-medoc-cru-bourgeois-rouge.jpg 250w\" sizes=\"(min-width: 2200px) 100vw, (min-width: 856px) 278px, (min-width: 784px) 370px, (min-width: 712px) 555px, (min-width: 640px) 712px, \" \/><div class=\"fusion-rollover\">\n\t<div class=\"fusion-rollover-content\">\n\n\t\t\t\t\t\t\t\t\t\t\t\t\t\t<a class=\"fusion-rollover-link\" href=\"https:\/\/laurent-romain.com\/en\/vin\/chateau-plagnac-aop-medoc-cru-bourgeois-rouge\/?portfolioCats=59%2C59\">Ch\u00e2teau Plagnac AOP M\u00e9doc Cru Bourgeois Rouge<\/a>\n\t\t\t\n\t\t\t\t\t\t\t\t\n\t\t\n\t\t\t\t\t\t\t\t\n\t\t\t\t\t\t\t\t\n\t\t\n\t\t\t\t\t\t<a class=\"fusion-link-wrapper\" href=\"https:\/\/laurent-romain.com\/en\/vin\/chateau-plagnac-aop-medoc-cru-bourgeois-rouge\/?portfolioCats=59%2C59\" aria-label=\"Ch\u00e2teau Plagnac AOP M\u00e9doc Cru Bourgeois Rouge\"><\/a>\n\t<\/div>\n<\/div>\n<\/div>\n<div class=\"fusion-portfolio-content\"><h2 class=\"entry-title fusion-post-title\"><a href=\"https:\/\/laurent-romain.com\/en\/vin\/chateau-plagnac-aop-medoc-cru-bourgeois-rouge\/?portfolioCats=59%2C59\">Ch\u00e2teau Plagnac AOP M\u00e9doc Cru Bourgeois Rouge<\/a><\/h2><div class=\"fusion-post-content\"><\/div><\/div><\/div><\/article><article id=\"portfolio-1-post-1080\" class=\"fusion-portfolio-post chateaux-et-domaines-en fusion-col-spacing post-1080\"><div class=\"fusion-portfolio-content-wrapper\" style=\"border:none;\"><span class=\"vcard rich-snippet-hidden\"><span class=\"fn\"><a href=\"https:\/\/laurent-romain.com\/en\/author\/site-internet\/\" title=\"Posts by site-internet\" rel=\"author\">site-internet<\/a><\/span><\/span><div  class=\"fusion-image-wrapper\" aria-haspopup=\"true\">\n\t\t\t\t<img decoding=\"async\" width=\"250\" height=\"250\" src=\"https:\/\/laurent-romain.com\/wp-content\/uploads\/2023\/06\/haut-philippon-bordeaux-rouge.jpg\" class=\"attachment-full size-full wp-post-image\" alt=\"\" srcset=\"https:\/\/laurent-romain.com\/wp-content\/uploads\/2023\/06\/haut-philippon-bordeaux-rouge-200x200.jpg 200w, https:\/\/laurent-romain.com\/wp-content\/uploads\/2023\/06\/haut-philippon-bordeaux-rouge.jpg 250w\" sizes=\"(min-width: 2200px) 100vw, (min-width: 856px) 278px, (min-width: 784px) 370px, (min-width: 712px) 555px, (min-width: 640px) 712px, \" \/><div class=\"fusion-rollover\">\n\t<div class=\"fusion-rollover-content\">\n\n\t\t\t\t\t\t\t\t\t\t\t\t\t\t<a class=\"fusion-rollover-link\" href=\"https:\/\/laurent-romain.com\/en\/vin\/chateau-haut-philippon-bordeaux-rouge-2020\/?portfolioCats=59%2C59\">Ch\u00e2teau Haut Philippon Bordeaux Rouge<\/a>\n\t\t\t\n\t\t\t\t\t\t\t\t\n\t\t\n\t\t\t\t\t\t\t\t\n\t\t\t\t\t\t\t\t\n\t\t\n\t\t\t\t\t\t<a class=\"fusion-link-wrapper\" href=\"https:\/\/laurent-romain.com\/en\/vin\/chateau-haut-philippon-bordeaux-rouge-2020\/?portfolioCats=59%2C59\" aria-label=\"Ch\u00e2teau Haut Philippon Bordeaux Rouge\"><\/a>\n\t<\/div>\n<\/div>\n<\/div>\n<div class=\"fusion-portfolio-content\"><h2 class=\"entry-title fusion-post-title\"><a href=\"https:\/\/laurent-romain.com\/en\/vin\/chateau-haut-philippon-bordeaux-rouge-2020\/?portfolioCats=59%2C59\">Ch\u00e2teau Haut Philippon Bordeaux Rouge<\/a><\/h2><div class=\"fusion-post-content\"><\/div><\/div><\/div><\/article><article id=\"portfolio-1-post-1081\" class=\"fusion-portfolio-post chateaux-et-domaines-en fusion-col-spacing post-1081\"><div class=\"fusion-portfolio-content-wrapper\" style=\"border:none;\"><span class=\"vcard rich-snippet-hidden\"><span class=\"fn\"><a href=\"https:\/\/laurent-romain.com\/en\/author\/site-internet\/\" title=\"Posts by site-internet\" rel=\"author\">site-internet<\/a><\/span><\/span><div  class=\"fusion-image-wrapper\" aria-haspopup=\"true\">\n\t\t\t\t<img decoding=\"async\" width=\"250\" height=\"250\" src=\"https:\/\/laurent-romain.com\/wp-content\/uploads\/2023\/06\/haut-philippon-entre-deux-mers-blanc.jpg\" class=\"attachment-full size-full wp-post-image\" alt=\"\" srcset=\"https:\/\/laurent-romain.com\/wp-content\/uploads\/2023\/06\/haut-philippon-entre-deux-mers-blanc-200x200.jpg 200w, https:\/\/laurent-romain.com\/wp-content\/uploads\/2023\/06\/haut-philippon-entre-deux-mers-blanc.jpg 250w\" sizes=\"(min-width: 2200px) 100vw, (min-width: 856px) 278px, (min-width: 784px) 370px, (min-width: 712px) 555px, (min-width: 640px) 712px, \" \/><div class=\"fusion-rollover\">\n\t<div class=\"fusion-rollover-content\">\n\n\t\t\t\t\t\t\t\t\t\t\t\t\t\t<a class=\"fusion-rollover-link\" href=\"https:\/\/laurent-romain.com\/en\/vin\/chateau-haut-philippon-entre-deux-mers-blanc-2021\/?portfolioCats=59%2C59\">Ch\u00e2teau Haut Philippon entre-deux-mers blanc<\/a>\n\t\t\t\n\t\t\t\t\t\t\t\t\n\t\t\n\t\t\t\t\t\t\t\t\n\t\t\t\t\t\t\t\t\n\t\t\n\t\t\t\t\t\t<a class=\"fusion-link-wrapper\" href=\"https:\/\/laurent-romain.com\/en\/vin\/chateau-haut-philippon-entre-deux-mers-blanc-2021\/?portfolioCats=59%2C59\" aria-label=\"Ch\u00e2teau Haut Philippon entre-deux-mers blanc\"><\/a>\n\t<\/div>\n<\/div>\n<\/div>\n<div class=\"fusion-portfolio-content\"><h2 class=\"entry-title fusion-post-title\"><a href=\"https:\/\/laurent-romain.com\/en\/vin\/chateau-haut-philippon-entre-deux-mers-blanc-2021\/?portfolioCats=59%2C59\">Ch\u00e2teau Haut Philippon entre-deux-mers blanc<\/a><\/h2><div class=\"fusion-post-content\"><\/div><\/div><\/div><\/article><article id=\"portfolio-1-post-1082\" class=\"fusion-portfolio-post chateaux-et-domaines-en fusion-col-spacing post-1082\"><div class=\"fusion-portfolio-content-wrapper\" style=\"border:none;\"><span class=\"vcard rich-snippet-hidden\"><span class=\"fn\"><a href=\"https:\/\/laurent-romain.com\/en\/author\/site-internet\/\" title=\"Posts by site-internet\" rel=\"author\">site-internet<\/a><\/span><\/span><div  class=\"fusion-image-wrapper\" aria-haspopup=\"true\">\n\t\t\t\t<img decoding=\"async\" width=\"250\" height=\"250\" src=\"https:\/\/laurent-romain.com\/wp-content\/uploads\/2023\/06\/6-tuileries.jpg\" class=\"attachment-full size-full wp-post-image\" alt=\"\" \/><div class=\"fusion-rollover\">\n\t<div class=\"fusion-rollover-content\">\n\n\t\t\t\t\t\t\t\t\t\t\t\t\t\t<a class=\"fusion-rollover-link\" href=\"https:\/\/laurent-romain.com\/en\/vin\/chateau-les-tuileries-bordeaux\/?portfolioCats=59%2C59\">Ch\u00e2teau les Tuileries \u2013 Bordeaux<\/a>\n\t\t\t\n\t\t\t\t\t\t\t\t\n\t\t\n\t\t\t\t\t\t\t\t\n\t\t\t\t\t\t\t\t\n\t\t\n\t\t\t\t\t\t<a class=\"fusion-link-wrapper\" href=\"https:\/\/laurent-romain.com\/en\/vin\/chateau-les-tuileries-bordeaux\/?portfolioCats=59%2C59\" aria-label=\"Ch\u00e2teau les Tuileries \u2013 Bordeaux\"><\/a>\n\t<\/div>\n<\/div>\n<\/div>\n<div class=\"fusion-portfolio-content\"><h2 class=\"entry-title fusion-post-title\"><a href=\"https:\/\/laurent-romain.com\/en\/vin\/chateau-les-tuileries-bordeaux\/?portfolioCats=59%2C59\">Ch\u00e2teau les Tuileries \u2013 Bordeaux<\/a><\/h2><div class=\"fusion-post-content\"><\/div><\/div><\/div><\/article><article id=\"portfolio-1-post-1083\" class=\"fusion-portfolio-post chateaux-et-domaines-en fusion-col-spacing post-1083\"><div class=\"fusion-portfolio-content-wrapper\" style=\"border:none;\"><span class=\"vcard rich-snippet-hidden\"><span class=\"fn\"><a href=\"https:\/\/laurent-romain.com\/en\/author\/site-internet\/\" title=\"Posts by site-internet\" rel=\"author\">site-internet<\/a><\/span><\/span><div  class=\"fusion-image-wrapper\" aria-haspopup=\"true\">\n\t\t\t\t<img decoding=\"async\" width=\"250\" height=\"250\" src=\"https:\/\/laurent-romain.com\/wp-content\/uploads\/2023\/06\/7-jourdan-1.jpg\" class=\"attachment-full size-full wp-post-image\" alt=\"\" \/><div class=\"fusion-rollover\">\n\t<div class=\"fusion-rollover-content\">\n\n\t\t\t\t\t\t\t\t\t\t\t\t\t\t<a class=\"fusion-rollover-link\" href=\"https:\/\/laurent-romain.com\/en\/vin\/chateau-jourdan-bordeaux\/?portfolioCats=59%2C59\">Ch\u00e2teau Jourdan \u2013 Bordeaux<\/a>\n\t\t\t\n\t\t\t\t\t\t\t\t\n\t\t\n\t\t\t\t\t\t\t\t\n\t\t\t\t\t\t\t\t\n\t\t\n\t\t\t\t\t\t<a class=\"fusion-link-wrapper\" href=\"https:\/\/laurent-romain.com\/en\/vin\/chateau-jourdan-bordeaux\/?portfolioCats=59%2C59\" aria-label=\"Ch\u00e2teau Jourdan \u2013 Bordeaux\"><\/a>\n\t<\/div>\n<\/div>\n<\/div>\n<div class=\"fusion-portfolio-content\"><h2 class=\"entry-title fusion-post-title\"><a href=\"https:\/\/laurent-romain.com\/en\/vin\/chateau-jourdan-bordeaux\/?portfolioCats=59%2C59\">Ch\u00e2teau Jourdan \u2013 Bordeaux<\/a><\/h2><div class=\"fusion-post-content\"><\/div><\/div><\/div><\/article><\/div><\/div><\/div><\/div><\/div><\/div>\n","protected":false},"excerpt":{"rendered":"","protected":false},"author":1,"featured_media":0,"parent":0,"menu_order":0,"comment_status":"closed","ping_status":"closed","template":"100-width.php","meta":{"footnotes":""},"class_list":["post-1068","page","type-page","status-publish","hentry"],"acf":[],"yoast_head":"<!-- This site is optimized with the Yoast SEO plugin v20.8 - https:\/\/yoast.com\/wordpress\/plugins\/seo\/ -->\n<title>Our ch\u00e2teaux et domaines - Laurent et Romain<\/title>\n<meta name=\"robots\" content=\"index, follow, max-snippet:-1, max-image-preview:large, max-video-preview:-1\" \/>\n<link rel=\"canonical\" href=\"https:\/\/laurent-romain.com\/en\/our-chateaux-et-domaines\/\" \/>\n<meta property=\"og:locale\" content=\"en_US\" \/>\n<meta property=\"og:type\" content=\"article\" \/>\n<meta property=\"og:title\" content=\"Our ch\u00e2teaux et domaines - Laurent et Romain\" \/>\n<meta property=\"og:url\" content=\"https:\/\/laurent-romain.com\/en\/our-chateaux-et-domaines\/\" \/>\n<meta property=\"og:site_name\" content=\"Laurent et Romain\" \/>\n<meta property=\"article:modified_time\" content=\"2023-07-06T09:05:35+00:00\" \/>\n<meta name=\"twitter:card\" content=\"summary_large_image\" \/>\n<meta name=\"twitter:label1\" content=\"Est. reading time\" \/>\n\t<meta name=\"twitter:data1\" content=\"5 minutes\" \/>\n<script type=\"application\/ld+json\" class=\"yoast-schema-graph\">{\"@context\":\"https:\/\/schema.org\",\"@graph\":[{\"@type\":\"WebPage\",\"@id\":\"https:\/\/laurent-romain.com\/en\/our-chateaux-et-domaines\/\",\"url\":\"https:\/\/laurent-romain.com\/en\/our-chateaux-et-domaines\/\",\"name\":\"Our ch\u00e2teaux et domaines - Laurent et Romain\",\"isPartOf\":{\"@id\":\"https:\/\/laurent-romain.com\/en\/#website\"},\"datePublished\":\"2023-06-13T05:34:45+00:00\",\"dateModified\":\"2023-07-06T09:05:35+00:00\",\"breadcrumb\":{\"@id\":\"https:\/\/laurent-romain.com\/en\/our-chateaux-et-domaines\/#breadcrumb\"},\"inLanguage\":\"en-US\",\"potentialAction\":[{\"@type\":\"ReadAction\",\"target\":[\"https:\/\/laurent-romain.com\/en\/our-chateaux-et-domaines\/\"]}]},{\"@type\":\"BreadcrumbList\",\"@id\":\"https:\/\/laurent-romain.com\/en\/our-chateaux-et-domaines\/#breadcrumb\",\"itemListElement\":[{\"@type\":\"ListItem\",\"position\":1,\"name\":\"Home\",\"item\":\"https:\/\/laurent-romain.com\/en\/\"},{\"@type\":\"ListItem\",\"position\":2,\"name\":\"Our ch\u00e2teaux et domaines\"}]},{\"@type\":\"WebSite\",\"@id\":\"https:\/\/laurent-romain.com\/en\/#website\",\"url\":\"https:\/\/laurent-romain.com\/en\/\",\"name\":\"Laurent et Romain\",\"description\":\"Ch\u00e2teaux, Marques et Domaines\",\"potentialAction\":[{\"@type\":\"SearchAction\",\"target\":{\"@type\":\"EntryPoint\",\"urlTemplate\":\"https:\/\/laurent-romain.com\/en\/?s={search_term_string}\"},\"query-input\":\"required name=search_term_string\"}],\"inLanguage\":\"en-US\"}]}<\/script>\n<!-- \/ Yoast SEO plugin. -->","yoast_head_json":{"title":"Our ch\u00e2teaux et domaines - Laurent et Romain","robots":{"index":"index","follow":"follow","max-snippet":"max-snippet:-1","max-image-preview":"max-image-preview:large","max-video-preview":"max-video-preview:-1"},"canonical":"https:\/\/laurent-romain.com\/en\/our-chateaux-et-domaines\/","og_locale":"en_US","og_type":"article","og_title":"Our ch\u00e2teaux et domaines - Laurent et Romain","og_url":"https:\/\/laurent-romain.com\/en\/our-chateaux-et-domaines\/","og_site_name":"Laurent et Romain","article_modified_time":"2023-07-06T09:05:35+00:00","twitter_card":"summary_large_image","twitter_misc":{"Est. reading time":"5 minutes"},"schema":{"@context":"https:\/\/schema.org","@graph":[{"@type":"WebPage","@id":"https:\/\/laurent-romain.com\/en\/our-chateaux-et-domaines\/","url":"https:\/\/laurent-romain.com\/en\/our-chateaux-et-domaines\/","name":"Our ch\u00e2teaux et domaines - Laurent et Romain","isPartOf":{"@id":"https:\/\/laurent-romain.com\/en\/#website"},"datePublished":"2023-06-13T05:34:45+00:00","dateModified":"2023-07-06T09:05:35+00:00","breadcrumb":{"@id":"https:\/\/laurent-romain.com\/en\/our-chateaux-et-domaines\/#breadcrumb"},"inLanguage":"en-US","potentialAction":[{"@type":"ReadAction","target":["https:\/\/laurent-romain.com\/en\/our-chateaux-et-domaines\/"]}]},{"@type":"BreadcrumbList","@id":"https:\/\/laurent-romain.com\/en\/our-chateaux-et-domaines\/#breadcrumb","itemListElement":[{"@type":"ListItem","position":1,"name":"Home","item":"https:\/\/laurent-romain.com\/en\/"},{"@type":"ListItem","position":2,"name":"Our ch\u00e2teaux et domaines"}]},{"@type":"WebSite","@id":"https:\/\/laurent-romain.com\/en\/#website","url":"https:\/\/laurent-romain.com\/en\/","name":"Laurent et Romain","description":"Ch\u00e2teaux, Marques et Domaines","potentialAction":[{"@type":"SearchAction","target":{"@type":"EntryPoint","urlTemplate":"https:\/\/laurent-romain.com\/en\/?s={search_term_string}"},"query-input":"required name=search_term_string"}],"inLanguage":"en-US"}]}},"_links":{"self":[{"href":"https:\/\/laurent-romain.com\/en\/wp-json\/wp\/v2\/pages\/1068","targetHints":{"allow":["GET"]}}],"collection":[{"href":"https:\/\/laurent-romain.com\/en\/wp-json\/wp\/v2\/pages"}],"about":[{"href":"https:\/\/laurent-romain.com\/en\/wp-json\/wp\/v2\/types\/page"}],"author":[{"embeddable":true,"href":"https:\/\/laurent-romain.com\/en\/wp-json\/wp\/v2\/users\/1"}],"replies":[{"embeddable":true,"href":"https:\/\/laurent-romain.com\/en\/wp-json\/wp\/v2\/comments?post=1068"}],"version-history":[{"count":6,"href":"https:\/\/laurent-romain.com\/en\/wp-json\/wp\/v2\/pages\/1068\/revisions"}],"predecessor-version":[{"id":1684,"href":"https:\/\/laurent-romain.com\/en\/wp-json\/wp\/v2\/pages\/1068\/revisions\/1684"}],"wp:attachment":[{"href":"https:\/\/laurent-romain.com\/en\/wp-json\/wp\/v2\/media?parent=1068"}],"curies":[{"name":"wp","href":"https:\/\/api.w.org\/{rel}","templated":true}]}}