{"id":1167,"date":"2023-05-12T09:20:07","date_gmt":"2023-05-12T07:20:07","guid":{"rendered":"http:\/\/localhost\/laurent-romain\/accueil\/"},"modified":"2023-06-13T16:24:35","modified_gmt":"2023-06-13T14:24:35","slug":"accueil","status":"publish","type":"page","link":"https:\/\/laurent-romain.com\/es\/","title":{"rendered":"Accueil"},"content":{"rendered":"<div class=\"_3d-flip-book  fb3d-fullscreen-mode full-size\" data-id=\"1166\" data-mode=\"fullscreen\" data-title=\"false\" data-template=\"short-white-book-view\" data-lightbox=\"dark-shadow\" data-urlparam=\"fb3d-page\" data-page-n=\"0\" data-pdf=\"\" data-tax=\"null\" data-thumbnail=\"\" data-cols=\"3\" data-book-template=\"default\"><\/div><script type=\"text\/javascript\">window.FB3D_CLIENT_DATA = window.FB3D_CLIENT_DATA || [];window.FB3D_CLIENT_DATA.push('eyJwb3N0cyI6eyIxMTY2Ijp7IklEIjoxMTY2LCJ0aXRsZSI6IkNhdGFsb2d1ZSBlc3BhZ25vbCIsInR5cGUiOiJwZGYiLCJyZWFkeV9mdW5jdGlvbiI6IiIsImJvb2tfc3R5bGUiOiJmbGF0IiwiYm9va190ZW1wbGF0ZSI6Im5vbmUiLCJvdXRsaW5lIjpbXSwiZGF0YSI6eyJwb3N0X0lEIjoiMTE3MCIsImd1aWQiOiJodHRwczpcL1wvbGF1cmVudC1yb21haW4uY29tXC93cC1jb250ZW50XC91cGxvYWRzXC8yMDIzXC8wNlwvZmxpcGJvb2stZXNwYWdub2wtMS5wZGYiLCJwZGZfcGFnZXMiOiIyMCIsInBhZ2VzX2N1c3RvbWl6YXRpb24iOiJub25lIn0sInRodW1ibmFpbCI6eyJkYXRhIjp7InBvc3RfSUQiOiIwIn0sInR5cGUiOiJhdXRvIn0sInByb3BzIjp7ImJhY2tncm91bmRDb2xvciI6ImF1dG8iLCJiYWNrZ3JvdW5kSW1hZ2UiOiJhdXRvIiwiYmFja2dyb3VuZFN0eWxlIjoiYXV0byIsImhpZ2hsaWdodExpbmtzIjoiYXV0byIsImxpZ2h0aW5nIjoiYXV0byIsImNhY2hlZFBhZ2VzIjoiYXV0byIsInJlbmRlckluYWN0aXZlUGFnZXMiOiJhdXRvIiwicmVuZGVySW5hY3RpdmVQYWdlc09uTW9iaWxlIjoiYXV0byIsInJlbmRlcldoaWxlRmxpcHBpbmciOiJhdXRvIiwicHJlbG9hZFBhZ2VzIjoiYXV0byIsImF1dG9QbGF5RHVyYXRpb24iOiJhdXRvIiwicnRsIjoiYXV0byIsImludGVyYWN0aXZlQ29ybmVycyI6ImF1dG8iLCJtYXhEZXB0aCI6ImF1dG8iLCJzaGVldCI6eyJzdGFydFZlbG9jaXR5IjoiYXV0byIsIndhdmUiOiJhdXRvIiwic2hhcGUiOiJhdXRvIiwid2lkdGhUZXhlbHMiOiJhdXRvIiwiY29sb3IiOiJhdXRvIiwic2lkZSI6ImF1dG8iLCJjb3JuZXJEZXZpYXRpb24iOiJhdXRvIiwiZmxleGliaWxpdHkiOiJhdXRvIiwiZmxleGlibGVDb3JuZXIiOiJhdXRvIiwiYmVuZGluZyI6ImF1dG8iLCJoZWlnaHRUZXhlbHMiOiJhdXRvIn0sImNvdmVyIjp7IndhdmUiOiJhdXRvIiwiY29sb3IiOiJhdXRvIiwic2lkZSI6ImF1dG8iLCJiaW5kZXJUZXh0dXJlIjoiYXV0byIsImRlcHRoIjoiYXV0byIsInBhZGRpbmciOiJhdXRvIiwic3RhcnRWZWxvY2l0eSI6ImF1dG8iLCJmbGV4aWJpbGl0eSI6ImF1dG8iLCJmbGV4aWJsZUNvcm5lciI6ImF1dG8iLCJiZW5kaW5nIjoiYXV0byIsIndpZHRoVGV4ZWxzIjoiYXV0byIsImhlaWdodFRleGVscyI6ImF1dG8iLCJtYXNzIjoiYXV0byIsInNoYXBlIjoiYXV0byJ9LCJwYWdlIjp7IndhdmUiOiJhdXRvIiwiY29sb3IiOiJhdXRvIiwic2lkZSI6ImNvbG9yIiwiZGVwdGgiOiJhdXRvIiwic3RhcnRWZWxvY2l0eSI6ImF1dG8iLCJmbGV4aWJpbGl0eSI6ImF1dG8iLCJmbGV4aWJsZUNvcm5lciI6ImF1dG8iLCJiZW5kaW5nIjoiYXV0byIsIndpZHRoVGV4ZWxzIjoiYXV0byIsImhlaWdodFRleGVscyI6ImF1dG8iLCJtYXNzIjoiYXV0byIsInNoYXBlIjoiYXV0byJ9LCJoZWlnaHQiOiJhdXRvIiwid2lkdGgiOiJhdXRvIiwiZ3Jhdml0eSI6ImF1dG8iLCJwYWdlc0ZvclByZWRpY3RpbmciOiJhdXRvIn0sImNvbnRyb2xQcm9wcyI6eyJhY3Rpb25zIjp7ImNtZFRvYyI6eyJlbmFibGVkIjoiYXV0byIsImVuYWJsZWRJbk5hcnJvdyI6ImF1dG8iLCJhY3RpdmUiOiJhdXRvIiwiZGVmYXVsdFRhYiI6ImF1dG8ifSwiY21kQXV0b1BsYXkiOnsiZW5hYmxlZCI6ImF1dG8iLCJlbmFibGVkSW5OYXJyb3ciOiJhdXRvIiwiYWN0aXZlIjoiYXV0byJ9LCJjbWRTYXZlIjp7ImVuYWJsZWQiOiJhdXRvIiwiZW5hYmxlZEluTmFycm93IjoiYXV0byJ9LCJjbWRQcmludCI6eyJlbmFibGVkIjoiYXV0byIsImVuYWJsZWRJbk5hcnJvdyI6ImF1dG8ifSwiY21kU2luZ2xlUGFnZSI6eyJlbmFibGVkIjoiYXV0byIsImVuYWJsZWRJbk5hcnJvdyI6ImF1dG8iLCJhY3RpdmUiOiJhdXRvIiwiYWN0aXZlRm9yTW9iaWxlIjoiYXV0byJ9LCJ3aWRUb29sYmFyIjp7ImVuYWJsZWQiOiJhdXRvIiwiZW5hYmxlZEluTmFycm93IjoiYXV0byJ9fX0sImF1dG9UaHVtYm5haWwiOiJodHRwczpcL1wvbGF1cmVudC1yb21haW4uY29tXC93cC1jb250ZW50XC91cGxvYWRzXC8zZC1mbGlwLWJvb2tcL2F1dG8tdGh1bWJuYWlsc1wvMTE2Ni5wbmciLCJwb3N0X25hbWUiOiJjYXRhbG9ndWUtZXNwYWdub2wiLCJwb3N0X3R5cGUiOiIzZC1mbGlwLWJvb2sifX0sInBhZ2VzIjpbXSwiZmlyc3RQYWdlcyI6W119');window.FB3D_CLIENT_LOCALE && window.FB3D_CLIENT_LOCALE.render();<\/script>\n","protected":false},"excerpt":{"rendered":"","protected":false},"author":1,"featured_media":0,"parent":0,"menu_order":0,"comment_status":"closed","ping_status":"closed","template":"100-width.php","meta":{"footnotes":""},"class_list":["post-1167","page","type-page","status-publish","hentry"],"acf":[],"yoast_head":"<!-- This site is optimized with the Yoast SEO plugin v20.8 - https:\/\/yoast.com\/wordpress\/plugins\/seo\/ -->\n<title>Laurent &amp; Romain : Ch\u00e2teaux - marques - domaines<\/title>\n<meta name=\"description\" content=\"Laurent &amp; Romain, plus de 50 collaborateurs passionn\u00e9s par le vin et les domaines qui \u0153uvrent pour offrir le meilleur des terroirs \u00e0 chacun d\u2019entre nous.\" \/>\n<meta name=\"robots\" content=\"index, follow, max-snippet:-1, max-image-preview:large, max-video-preview:-1\" \/>\n<link rel=\"canonical\" href=\"https:\/\/laurent-romain.com\/es\/\" \/>\n<meta property=\"og:locale\" content=\"es_ES\" \/>\n<meta property=\"og:type\" content=\"article\" \/>\n<meta property=\"og:title\" content=\"Laurent &amp; Romain : Ch\u00e2teaux - marques - domaines\" \/>\n<meta property=\"og:description\" content=\"Laurent &amp; Romain, plus de 50 collaborateurs passionn\u00e9s par le vin et les domaines qui \u0153uvrent pour offrir le meilleur des terroirs \u00e0 chacun d\u2019entre nous.\" \/>\n<meta property=\"og:url\" content=\"https:\/\/laurent-romain.com\/es\/\" \/>\n<meta property=\"og:site_name\" content=\"Laurent et Romain\" \/>\n<meta property=\"article:modified_time\" content=\"2023-06-13T14:24:35+00:00\" \/>\n<meta name=\"twitter:card\" content=\"summary_large_image\" \/>\n<script type=\"application\/ld+json\" class=\"yoast-schema-graph\">{\"@context\":\"https:\/\/schema.org\",\"@graph\":[{\"@type\":\"WebPage\",\"@id\":\"https:\/\/laurent-romain.com\/es\/\",\"url\":\"https:\/\/laurent-romain.com\/es\/\",\"name\":\"Laurent & Romain : Ch\u00e2teaux - marques - domaines\",\"isPartOf\":{\"@id\":\"https:\/\/laurent-romain.com\/es\/#website\"},\"datePublished\":\"2023-05-12T07:20:07+00:00\",\"dateModified\":\"2023-06-13T14:24:35+00:00\",\"description\":\"Laurent & Romain, plus de 50 collaborateurs passionn\u00e9s par le vin et les domaines qui \u0153uvrent pour offrir le meilleur des terroirs \u00e0 chacun d\u2019entre nous.\",\"breadcrumb\":{\"@id\":\"https:\/\/laurent-romain.com\/es\/#breadcrumb\"},\"inLanguage\":\"es\",\"potentialAction\":[{\"@type\":\"ReadAction\",\"target\":[\"https:\/\/laurent-romain.com\/es\/\"]}]},{\"@type\":\"BreadcrumbList\",\"@id\":\"https:\/\/laurent-romain.com\/es\/#breadcrumb\",\"itemListElement\":[{\"@type\":\"ListItem\",\"position\":1,\"name\":\"Accueil\",\"item\":\"https:\/\/laurent-romain.com\/es\/\"},{\"@type\":\"ListItem\",\"position\":2,\"name\":\"Accueil\"}]},{\"@type\":\"WebSite\",\"@id\":\"https:\/\/laurent-romain.com\/es\/#website\",\"url\":\"https:\/\/laurent-romain.com\/es\/\",\"name\":\"Laurent et Romain\",\"description\":\"Ch\u00e2teaux, Marques et Domaines\",\"potentialAction\":[{\"@type\":\"SearchAction\",\"target\":{\"@type\":\"EntryPoint\",\"urlTemplate\":\"https:\/\/laurent-romain.com\/es\/?s={search_term_string}\"},\"query-input\":\"required name=search_term_string\"}],\"inLanguage\":\"es\"}]}<\/script>\n<!-- \/ Yoast SEO plugin. -->","yoast_head_json":{"title":"Laurent & Romain : Ch\u00e2teaux - marques - domaines","description":"Laurent & Romain, plus de 50 collaborateurs passionn\u00e9s par le vin et les domaines qui \u0153uvrent pour offrir le meilleur des terroirs \u00e0 chacun d\u2019entre nous.","robots":{"index":"index","follow":"follow","max-snippet":"max-snippet:-1","max-image-preview":"max-image-preview:large","max-video-preview":"max-video-preview:-1"},"canonical":"https:\/\/laurent-romain.com\/es\/","og_locale":"es_ES","og_type":"article","og_title":"Laurent & Romain : Ch\u00e2teaux - marques - domaines","og_description":"Laurent & Romain, plus de 50 collaborateurs passionn\u00e9s par le vin et les domaines qui \u0153uvrent pour offrir le meilleur des terroirs \u00e0 chacun d\u2019entre nous.","og_url":"https:\/\/laurent-romain.com\/es\/","og_site_name":"Laurent et Romain","article_modified_time":"2023-06-13T14:24:35+00:00","twitter_card":"summary_large_image","schema":{"@context":"https:\/\/schema.org","@graph":[{"@type":"WebPage","@id":"https:\/\/laurent-romain.com\/es\/","url":"https:\/\/laurent-romain.com\/es\/","name":"Laurent & Romain : Ch\u00e2teaux - marques - domaines","isPartOf":{"@id":"https:\/\/laurent-romain.com\/es\/#website"},"datePublished":"2023-05-12T07:20:07+00:00","dateModified":"2023-06-13T14:24:35+00:00","description":"Laurent & Romain, plus de 50 collaborateurs passionn\u00e9s par le vin et les domaines qui \u0153uvrent pour offrir le meilleur des terroirs \u00e0 chacun d\u2019entre nous.","breadcrumb":{"@id":"https:\/\/laurent-romain.com\/es\/#breadcrumb"},"inLanguage":"es","potentialAction":[{"@type":"ReadAction","target":["https:\/\/laurent-romain.com\/es\/"]}]},{"@type":"BreadcrumbList","@id":"https:\/\/laurent-romain.com\/es\/#breadcrumb","itemListElement":[{"@type":"ListItem","position":1,"name":"Accueil","item":"https:\/\/laurent-romain.com\/es\/"},{"@type":"ListItem","position":2,"name":"Accueil"}]},{"@type":"WebSite","@id":"https:\/\/laurent-romain.com\/es\/#website","url":"https:\/\/laurent-romain.com\/es\/","name":"Laurent et Romain","description":"Ch\u00e2teaux, Marques et Domaines","potentialAction":[{"@type":"SearchAction","target":{"@type":"EntryPoint","urlTemplate":"https:\/\/laurent-romain.com\/es\/?s={search_term_string}"},"query-input":"required name=search_term_string"}],"inLanguage":"es"}]}},"_links":{"self":[{"href":"https:\/\/laurent-romain.com\/es\/wp-json\/wp\/v2\/pages\/1167","targetHints":{"allow":["GET"]}}],"collection":[{"href":"https:\/\/laurent-romain.com\/es\/wp-json\/wp\/v2\/pages"}],"about":[{"href":"https:\/\/laurent-romain.com\/es\/wp-json\/wp\/v2\/types\/page"}],"author":[{"embeddable":true,"href":"https:\/\/laurent-romain.com\/es\/wp-json\/wp\/v2\/users\/1"}],"replies":[{"embeddable":true,"href":"https:\/\/laurent-romain.com\/es\/wp-json\/wp\/v2\/comments?post=1167"}],"version-history":[{"count":3,"href":"https:\/\/laurent-romain.com\/es\/wp-json\/wp\/v2\/pages\/1167\/revisions"}],"predecessor-version":[{"id":1178,"href":"https:\/\/laurent-romain.com\/es\/wp-json\/wp\/v2\/pages\/1167\/revisions\/1178"}],"wp:attachment":[{"href":"https:\/\/laurent-romain.com\/es\/wp-json\/wp\/v2\/media?parent=1167"}],"curies":[{"name":"wp","href":"https:\/\/api.w.org\/{rel}","templated":true}]}}