{"id":1128,"date":"2023-05-12T09:20:07","date_gmt":"2023-05-12T07:20:07","guid":{"rendered":"http:\/\/localhost\/laurent-romain\/accueil\/"},"modified":"2023-06-13T16:16:56","modified_gmt":"2023-06-13T14:16:56","slug":"accueil","status":"publish","type":"page","link":"https:\/\/laurent-romain.com\/ja\/","title":{"rendered":"Accueil"},"content":{"rendered":"<div class=\"_3d-flip-book  fb3d-fullscreen-mode full-size\" data-id=\"1127\" data-mode=\"fullscreen\" data-title=\"false\" data-template=\"short-white-book-view\" data-lightbox=\"dark-shadow\" data-urlparam=\"fb3d-page\" data-page-n=\"0\" data-pdf=\"\" data-tax=\"null\" data-thumbnail=\"\" data-cols=\"3\" data-book-template=\"default\"><\/div><script type=\"text\/javascript\">window.FB3D_CLIENT_DATA = window.FB3D_CLIENT_DATA || [];window.FB3D_CLIENT_DATA.push('eyJwb3N0cyI6eyIxMTI3Ijp7IklEIjoxMTI3LCJ0aXRsZSI6IkNhdGFsb2d1ZSBqYXBvbmFpcyIsInR5cGUiOiJwZGYiLCJyZWFkeV9mdW5jdGlvbiI6IiIsImJvb2tfc3R5bGUiOiJmbGF0IiwiYm9va190ZW1wbGF0ZSI6Im5vbmUiLCJvdXRsaW5lIjpbXSwiZGF0YSI6eyJwb3N0X0lEIjoiMTEzMSIsImd1aWQiOiJodHRwczpcL1wvbGF1cmVudC1yb21haW4uY29tXC93cC1jb250ZW50XC91cGxvYWRzXC8yMDIzXC8wNlwvYnJvY2h1cmUtamFwb25haXMucGRmIiwicGRmX3BhZ2VzIjoiMjEiLCJwYWdlc19jdXN0b21pemF0aW9uIjoibm9uZSJ9LCJ0aHVtYm5haWwiOnsiZGF0YSI6eyJwb3N0X0lEIjoiMCJ9LCJ0eXBlIjoiYXV0byJ9LCJwcm9wcyI6eyJiYWNrZ3JvdW5kQ29sb3IiOiJhdXRvIiwiYmFja2dyb3VuZEltYWdlIjoiYXV0byIsImJhY2tncm91bmRTdHlsZSI6ImF1dG8iLCJoaWdobGlnaHRMaW5rcyI6ImF1dG8iLCJsaWdodGluZyI6ImF1dG8iLCJjYWNoZWRQYWdlcyI6ImF1dG8iLCJyZW5kZXJJbmFjdGl2ZVBhZ2VzIjoiYXV0byIsInJlbmRlckluYWN0aXZlUGFnZXNPbk1vYmlsZSI6ImF1dG8iLCJyZW5kZXJXaGlsZUZsaXBwaW5nIjoiYXV0byIsInByZWxvYWRQYWdlcyI6ImF1dG8iLCJhdXRvUGxheUR1cmF0aW9uIjoiYXV0byIsInJ0bCI6ImF1dG8iLCJpbnRlcmFjdGl2ZUNvcm5lcnMiOiJhdXRvIiwibWF4RGVwdGgiOiJhdXRvIiwic2hlZXQiOnsic3RhcnRWZWxvY2l0eSI6ImF1dG8iLCJ3YXZlIjoiYXV0byIsInNoYXBlIjoiYXV0byIsIndpZHRoVGV4ZWxzIjoiYXV0byIsImNvbG9yIjoiYXV0byIsInNpZGUiOiJhdXRvIiwiY29ybmVyRGV2aWF0aW9uIjoiYXV0byIsImZsZXhpYmlsaXR5IjoiYXV0byIsImZsZXhpYmxlQ29ybmVyIjoiYXV0byIsImJlbmRpbmciOiJhdXRvIiwiaGVpZ2h0VGV4ZWxzIjoiYXV0byJ9LCJjb3ZlciI6eyJ3YXZlIjoiYXV0byIsImNvbG9yIjoiYXV0byIsInNpZGUiOiJhdXRvIiwiYmluZGVyVGV4dHVyZSI6ImF1dG8iLCJkZXB0aCI6ImF1dG8iLCJwYWRkaW5nIjoiYXV0byIsInN0YXJ0VmVsb2NpdHkiOiJhdXRvIiwiZmxleGliaWxpdHkiOiJhdXRvIiwiZmxleGlibGVDb3JuZXIiOiJhdXRvIiwiYmVuZGluZyI6ImF1dG8iLCJ3aWR0aFRleGVscyI6ImF1dG8iLCJoZWlnaHRUZXhlbHMiOiJhdXRvIiwibWFzcyI6ImF1dG8iLCJzaGFwZSI6ImF1dG8ifSwicGFnZSI6eyJ3YXZlIjoiYXV0byIsImNvbG9yIjoiYXV0byIsInNpZGUiOiJjb2xvciIsImRlcHRoIjoiYXV0byIsInN0YXJ0VmVsb2NpdHkiOiJhdXRvIiwiZmxleGliaWxpdHkiOiJhdXRvIiwiZmxleGlibGVDb3JuZXIiOiJhdXRvIiwiYmVuZGluZyI6ImF1dG8iLCJ3aWR0aFRleGVscyI6ImF1dG8iLCJoZWlnaHRUZXhlbHMiOiJhdXRvIiwibWFzcyI6ImF1dG8iLCJzaGFwZSI6ImF1dG8ifSwiaGVpZ2h0IjoiYXV0byIsIndpZHRoIjoiYXV0byIsImdyYXZpdHkiOiJhdXRvIiwicGFnZXNGb3JQcmVkaWN0aW5nIjoiYXV0byJ9LCJjb250cm9sUHJvcHMiOnsiYWN0aW9ucyI6eyJjbWRUb2MiOnsiZW5hYmxlZCI6ImF1dG8iLCJlbmFibGVkSW5OYXJyb3ciOiJhdXRvIiwiYWN0aXZlIjoiYXV0byIsImRlZmF1bHRUYWIiOiJhdXRvIn0sImNtZEF1dG9QbGF5Ijp7ImVuYWJsZWQiOiJhdXRvIiwiZW5hYmxlZEluTmFycm93IjoiYXV0byIsImFjdGl2ZSI6ImF1dG8ifSwiY21kU2F2ZSI6eyJlbmFibGVkIjoiYXV0byIsImVuYWJsZWRJbk5hcnJvdyI6ImF1dG8ifSwiY21kUHJpbnQiOnsiZW5hYmxlZCI6ImF1dG8iLCJlbmFibGVkSW5OYXJyb3ciOiJhdXRvIn0sImNtZFNpbmdsZVBhZ2UiOnsiZW5hYmxlZCI6ImF1dG8iLCJlbmFibGVkSW5OYXJyb3ciOiJhdXRvIiwiYWN0aXZlIjoiYXV0byIsImFjdGl2ZUZvck1vYmlsZSI6ImF1dG8ifSwid2lkVG9vbGJhciI6eyJlbmFibGVkIjoiYXV0byIsImVuYWJsZWRJbk5hcnJvdyI6ImF1dG8ifX19LCJhdXRvVGh1bWJuYWlsIjoiaHR0cHM6XC9cL2xhdXJlbnQtcm9tYWluLmNvbVwvd3AtY29udGVudFwvdXBsb2Fkc1wvM2QtZmxpcC1ib29rXC9hdXRvLXRodW1ibmFpbHNcLzExMjcucG5nIiwicG9zdF9uYW1lIjoiY2F0YWxvZ3VlLWphcG9uYWlzIiwicG9zdF90eXBlIjoiM2QtZmxpcC1ib29rIn19LCJwYWdlcyI6W10sImZpcnN0UGFnZXMiOltdfQ==');window.FB3D_CLIENT_LOCALE && window.FB3D_CLIENT_LOCALE.render();<\/script>\n","protected":false},"excerpt":{"rendered":"","protected":false},"author":1,"featured_media":0,"parent":0,"menu_order":0,"comment_status":"closed","ping_status":"closed","template":"100-width.php","meta":{"footnotes":""},"class_list":["post-1128","page","type-page","status-publish","hentry"],"acf":[],"yoast_head":"<!-- This site is optimized with the Yoast SEO plugin v20.8 - https:\/\/yoast.com\/wordpress\/plugins\/seo\/ -->\n<title>Laurent &amp; Romain : Ch\u00e2teaux - marques - domaines<\/title>\n<meta name=\"description\" content=\"Laurent &amp; Romain, plus de 50 collaborateurs passionn\u00e9s par le vin et les domaines qui \u0153uvrent pour offrir le meilleur des terroirs \u00e0 chacun d\u2019entre nous.\" \/>\n<meta name=\"robots\" content=\"index, follow, max-snippet:-1, max-image-preview:large, max-video-preview:-1\" \/>\n<link rel=\"canonical\" href=\"https:\/\/laurent-romain.com\/ja\/\" \/>\n<meta property=\"og:locale\" content=\"ja_JP\" \/>\n<meta property=\"og:type\" content=\"article\" \/>\n<meta property=\"og:title\" content=\"Laurent &amp; Romain : Ch\u00e2teaux - marques - domaines\" \/>\n<meta property=\"og:description\" content=\"Laurent &amp; Romain, plus de 50 collaborateurs passionn\u00e9s par le vin et les domaines qui \u0153uvrent pour offrir le meilleur des terroirs \u00e0 chacun d\u2019entre nous.\" \/>\n<meta property=\"og:url\" content=\"https:\/\/laurent-romain.com\/ja\/\" \/>\n<meta property=\"og:site_name\" content=\"Laurent et Romain\" \/>\n<meta property=\"article:modified_time\" content=\"2023-06-13T14:16:56+00:00\" \/>\n<meta name=\"twitter:card\" content=\"summary_large_image\" \/>\n<script type=\"application\/ld+json\" class=\"yoast-schema-graph\">{\"@context\":\"https:\/\/schema.org\",\"@graph\":[{\"@type\":\"WebPage\",\"@id\":\"https:\/\/laurent-romain.com\/ja\/\",\"url\":\"https:\/\/laurent-romain.com\/ja\/\",\"name\":\"Laurent & Romain : Ch\u00e2teaux - marques - domaines\",\"isPartOf\":{\"@id\":\"https:\/\/laurent-romain.com\/ja\/#website\"},\"datePublished\":\"2023-05-12T07:20:07+00:00\",\"dateModified\":\"2023-06-13T14:16:56+00:00\",\"description\":\"Laurent & Romain, plus de 50 collaborateurs passionn\u00e9s par le vin et les domaines qui \u0153uvrent pour offrir le meilleur des terroirs \u00e0 chacun d\u2019entre nous.\",\"breadcrumb\":{\"@id\":\"https:\/\/laurent-romain.com\/ja\/#breadcrumb\"},\"inLanguage\":\"ja\",\"potentialAction\":[{\"@type\":\"ReadAction\",\"target\":[\"https:\/\/laurent-romain.com\/ja\/\"]}]},{\"@type\":\"BreadcrumbList\",\"@id\":\"https:\/\/laurent-romain.com\/ja\/#breadcrumb\",\"itemListElement\":[{\"@type\":\"ListItem\",\"position\":1,\"name\":\"Accueil\",\"item\":\"https:\/\/laurent-romain.com\/ja\/\"},{\"@type\":\"ListItem\",\"position\":2,\"name\":\"Accueil\"}]},{\"@type\":\"WebSite\",\"@id\":\"https:\/\/laurent-romain.com\/ja\/#website\",\"url\":\"https:\/\/laurent-romain.com\/ja\/\",\"name\":\"Laurent et Romain\",\"description\":\"Ch\u00e2teaux, Marques et Domaines\",\"potentialAction\":[{\"@type\":\"SearchAction\",\"target\":{\"@type\":\"EntryPoint\",\"urlTemplate\":\"https:\/\/laurent-romain.com\/ja\/?s={search_term_string}\"},\"query-input\":\"required name=search_term_string\"}],\"inLanguage\":\"ja\"}]}<\/script>\n<!-- \/ Yoast SEO plugin. -->","yoast_head_json":{"title":"Laurent & Romain : Ch\u00e2teaux - marques - domaines","description":"Laurent & Romain, plus de 50 collaborateurs passionn\u00e9s par le vin et les domaines qui \u0153uvrent pour offrir le meilleur des terroirs \u00e0 chacun d\u2019entre nous.","robots":{"index":"index","follow":"follow","max-snippet":"max-snippet:-1","max-image-preview":"max-image-preview:large","max-video-preview":"max-video-preview:-1"},"canonical":"https:\/\/laurent-romain.com\/ja\/","og_locale":"ja_JP","og_type":"article","og_title":"Laurent & Romain : Ch\u00e2teaux - marques - domaines","og_description":"Laurent & Romain, plus de 50 collaborateurs passionn\u00e9s par le vin et les domaines qui \u0153uvrent pour offrir le meilleur des terroirs \u00e0 chacun d\u2019entre nous.","og_url":"https:\/\/laurent-romain.com\/ja\/","og_site_name":"Laurent et Romain","article_modified_time":"2023-06-13T14:16:56+00:00","twitter_card":"summary_large_image","schema":{"@context":"https:\/\/schema.org","@graph":[{"@type":"WebPage","@id":"https:\/\/laurent-romain.com\/ja\/","url":"https:\/\/laurent-romain.com\/ja\/","name":"Laurent & Romain : Ch\u00e2teaux - marques - domaines","isPartOf":{"@id":"https:\/\/laurent-romain.com\/ja\/#website"},"datePublished":"2023-05-12T07:20:07+00:00","dateModified":"2023-06-13T14:16:56+00:00","description":"Laurent & Romain, plus de 50 collaborateurs passionn\u00e9s par le vin et les domaines qui \u0153uvrent pour offrir le meilleur des terroirs \u00e0 chacun d\u2019entre nous.","breadcrumb":{"@id":"https:\/\/laurent-romain.com\/ja\/#breadcrumb"},"inLanguage":"ja","potentialAction":[{"@type":"ReadAction","target":["https:\/\/laurent-romain.com\/ja\/"]}]},{"@type":"BreadcrumbList","@id":"https:\/\/laurent-romain.com\/ja\/#breadcrumb","itemListElement":[{"@type":"ListItem","position":1,"name":"Accueil","item":"https:\/\/laurent-romain.com\/ja\/"},{"@type":"ListItem","position":2,"name":"Accueil"}]},{"@type":"WebSite","@id":"https:\/\/laurent-romain.com\/ja\/#website","url":"https:\/\/laurent-romain.com\/ja\/","name":"Laurent et Romain","description":"Ch\u00e2teaux, Marques et Domaines","potentialAction":[{"@type":"SearchAction","target":{"@type":"EntryPoint","urlTemplate":"https:\/\/laurent-romain.com\/ja\/?s={search_term_string}"},"query-input":"required name=search_term_string"}],"inLanguage":"ja"}]}},"_links":{"self":[{"href":"https:\/\/laurent-romain.com\/ja\/wp-json\/wp\/v2\/pages\/1128","targetHints":{"allow":["GET"]}}],"collection":[{"href":"https:\/\/laurent-romain.com\/ja\/wp-json\/wp\/v2\/pages"}],"about":[{"href":"https:\/\/laurent-romain.com\/ja\/wp-json\/wp\/v2\/types\/page"}],"author":[{"embeddable":true,"href":"https:\/\/laurent-romain.com\/ja\/wp-json\/wp\/v2\/users\/1"}],"replies":[{"embeddable":true,"href":"https:\/\/laurent-romain.com\/ja\/wp-json\/wp\/v2\/comments?post=1128"}],"version-history":[{"count":3,"href":"https:\/\/laurent-romain.com\/ja\/wp-json\/wp\/v2\/pages\/1128\/revisions"}],"predecessor-version":[{"id":1139,"href":"https:\/\/laurent-romain.com\/ja\/wp-json\/wp\/v2\/pages\/1128\/revisions\/1139"}],"wp:attachment":[{"href":"https:\/\/laurent-romain.com\/ja\/wp-json\/wp\/v2\/media?parent=1128"}],"curies":[{"name":"wp","href":"https:\/\/api.w.org\/{rel}","templated":true}]}}