{"id":1110,"date":"2023-05-12T09:20:07","date_gmt":"2023-05-12T07:20:07","guid":{"rendered":"http:\/\/localhost\/laurent-romain\/accueil\/"},"modified":"2023-06-13T16:03:12","modified_gmt":"2023-06-13T14:03:12","slug":"accueil","status":"publish","type":"page","link":"https:\/\/laurent-romain.com\/zh-hans\/","title":{"rendered":"Accueil"},"content":{"rendered":"<div class=\"_3d-flip-book  fb3d-fullscreen-mode full-size\" data-id=\"1098\" data-mode=\"fullscreen\" data-title=\"false\" data-template=\"short-white-book-view\" data-lightbox=\"dark-shadow\" data-urlparam=\"fb3d-page\" data-page-n=\"0\" data-pdf=\"\" data-tax=\"null\" data-thumbnail=\"\" data-cols=\"3\" data-book-template=\"default\"><\/div><script type=\"text\/javascript\">window.FB3D_CLIENT_DATA = window.FB3D_CLIENT_DATA || [];window.FB3D_CLIENT_DATA.push('eyJwb3N0cyI6eyIxMDk4Ijp7IklEIjoxMDk4LCJ0aXRsZSI6IkNhdGFsb2d1ZSBjaGlub2lzIiwidHlwZSI6InBkZiIsInJlYWR5X2Z1bmN0aW9uIjoiIiwiYm9va19zdHlsZSI6ImZsYXQiLCJib29rX3RlbXBsYXRlIjoibm9uZSIsIm91dGxpbmUiOltdLCJkYXRhIjp7InBvc3RfSUQiOiIxMDk5IiwiZ3VpZCI6Imh0dHBzOlwvXC9sYXVyZW50LXJvbWFpbi5jb21cL3dwLWNvbnRlbnRcL3VwbG9hZHNcLzIwMjNcLzA2XC9icm9jaHVyZS1jaGlub2lzLnBkZiIsInBkZl9wYWdlcyI6IjIxIiwicGFnZXNfY3VzdG9taXphdGlvbiI6Im5vbmUifSwidGh1bWJuYWlsIjp7ImRhdGEiOnsicG9zdF9JRCI6IjAifSwidHlwZSI6ImF1dG8ifSwicHJvcHMiOnsiYmFja2dyb3VuZENvbG9yIjoiYXV0byIsImJhY2tncm91bmRJbWFnZSI6ImF1dG8iLCJiYWNrZ3JvdW5kU3R5bGUiOiJhdXRvIiwiaGlnaGxpZ2h0TGlua3MiOiJhdXRvIiwibGlnaHRpbmciOiJhdXRvIiwiY2FjaGVkUGFnZXMiOiJhdXRvIiwicmVuZGVySW5hY3RpdmVQYWdlcyI6ImF1dG8iLCJyZW5kZXJJbmFjdGl2ZVBhZ2VzT25Nb2JpbGUiOiJhdXRvIiwicmVuZGVyV2hpbGVGbGlwcGluZyI6ImF1dG8iLCJwcmVsb2FkUGFnZXMiOiJhdXRvIiwiYXV0b1BsYXlEdXJhdGlvbiI6ImF1dG8iLCJydGwiOiJhdXRvIiwiaW50ZXJhY3RpdmVDb3JuZXJzIjoiYXV0byIsIm1heERlcHRoIjoiYXV0byIsInNoZWV0Ijp7InN0YXJ0VmVsb2NpdHkiOiJhdXRvIiwid2F2ZSI6ImF1dG8iLCJzaGFwZSI6ImF1dG8iLCJ3aWR0aFRleGVscyI6ImF1dG8iLCJjb2xvciI6ImF1dG8iLCJzaWRlIjoiYXV0byIsImNvcm5lckRldmlhdGlvbiI6ImF1dG8iLCJmbGV4aWJpbGl0eSI6ImF1dG8iLCJmbGV4aWJsZUNvcm5lciI6ImF1dG8iLCJiZW5kaW5nIjoiYXV0byIsImhlaWdodFRleGVscyI6ImF1dG8ifSwiY292ZXIiOnsid2F2ZSI6ImF1dG8iLCJjb2xvciI6ImF1dG8iLCJzaWRlIjoiYXV0byIsImJpbmRlclRleHR1cmUiOiJhdXRvIiwiZGVwdGgiOiJhdXRvIiwicGFkZGluZyI6ImF1dG8iLCJzdGFydFZlbG9jaXR5IjoiYXV0byIsImZsZXhpYmlsaXR5IjoiYXV0byIsImZsZXhpYmxlQ29ybmVyIjoiYXV0byIsImJlbmRpbmciOiJhdXRvIiwid2lkdGhUZXhlbHMiOiJhdXRvIiwiaGVpZ2h0VGV4ZWxzIjoiYXV0byIsIm1hc3MiOiJhdXRvIiwic2hhcGUiOiJhdXRvIn0sInBhZ2UiOnsid2F2ZSI6ImF1dG8iLCJjb2xvciI6ImF1dG8iLCJzaWRlIjoiY29sb3IiLCJkZXB0aCI6ImF1dG8iLCJzdGFydFZlbG9jaXR5IjoiYXV0byIsImZsZXhpYmlsaXR5IjoiYXV0byIsImZsZXhpYmxlQ29ybmVyIjoiYXV0byIsImJlbmRpbmciOiJhdXRvIiwid2lkdGhUZXhlbHMiOiJhdXRvIiwiaGVpZ2h0VGV4ZWxzIjoiYXV0byIsIm1hc3MiOiJhdXRvIiwic2hhcGUiOiJhdXRvIn0sImhlaWdodCI6ImF1dG8iLCJ3aWR0aCI6ImF1dG8iLCJncmF2aXR5IjoiYXV0byIsInBhZ2VzRm9yUHJlZGljdGluZyI6ImF1dG8ifSwiY29udHJvbFByb3BzIjp7ImFjdGlvbnMiOnsiY21kVG9jIjp7ImVuYWJsZWQiOiJhdXRvIiwiZW5hYmxlZEluTmFycm93IjoiYXV0byIsImFjdGl2ZSI6ImF1dG8iLCJkZWZhdWx0VGFiIjoiYXV0byJ9LCJjbWRBdXRvUGxheSI6eyJlbmFibGVkIjoiYXV0byIsImVuYWJsZWRJbk5hcnJvdyI6ImF1dG8iLCJhY3RpdmUiOiJhdXRvIn0sImNtZFNhdmUiOnsiZW5hYmxlZCI6ImF1dG8iLCJlbmFibGVkSW5OYXJyb3ciOiJhdXRvIn0sImNtZFByaW50Ijp7ImVuYWJsZWQiOiJhdXRvIiwiZW5hYmxlZEluTmFycm93IjoiYXV0byJ9LCJjbWRTaW5nbGVQYWdlIjp7ImVuYWJsZWQiOiJhdXRvIiwiZW5hYmxlZEluTmFycm93IjoiYXV0byIsImFjdGl2ZSI6ImF1dG8iLCJhY3RpdmVGb3JNb2JpbGUiOiJhdXRvIn0sIndpZFRvb2xiYXIiOnsiZW5hYmxlZCI6ImF1dG8iLCJlbmFibGVkSW5OYXJyb3ciOiJhdXRvIn19fSwiYXV0b1RodW1ibmFpbCI6Imh0dHBzOlwvXC9sYXVyZW50LXJvbWFpbi5jb21cL3dwLWNvbnRlbnRcL3VwbG9hZHNcLzNkLWZsaXAtYm9va1wvYXV0by10aHVtYm5haWxzXC8xMDk4LnBuZyIsInBvc3RfbmFtZSI6ImNhdGFsb2d1ZS1jaGlub2lzIiwicG9zdF90eXBlIjoiM2QtZmxpcC1ib29rIn19LCJwYWdlcyI6W10sImZpcnN0UGFnZXMiOltdfQ==');window.FB3D_CLIENT_LOCALE && window.FB3D_CLIENT_LOCALE.render();<\/script>\n","protected":false},"excerpt":{"rendered":"","protected":false},"author":1,"featured_media":0,"parent":0,"menu_order":0,"comment_status":"closed","ping_status":"closed","template":"100-width.php","meta":{"footnotes":""},"class_list":["post-1110","page","type-page","status-publish","hentry"],"acf":[],"yoast_head":"<!-- This site is optimized with the Yoast SEO plugin v20.8 - https:\/\/yoast.com\/wordpress\/plugins\/seo\/ -->\n<title>Laurent &amp; Romain : Ch\u00e2teaux - marques - domaines<\/title>\n<meta name=\"description\" content=\"Laurent &amp; Romain, plus de 50 collaborateurs passionn\u00e9s par le vin et les domaines qui \u0153uvrent pour offrir le meilleur des terroirs \u00e0 chacun d\u2019entre nous.\" \/>\n<meta name=\"robots\" content=\"index, follow, max-snippet:-1, max-image-preview:large, max-video-preview:-1\" \/>\n<link rel=\"canonical\" href=\"https:\/\/laurent-romain.com\/zh-hans\/\" \/>\n<meta property=\"og:locale\" content=\"zh_CN\" \/>\n<meta property=\"og:type\" content=\"article\" \/>\n<meta property=\"og:title\" content=\"Laurent &amp; Romain : Ch\u00e2teaux - marques - domaines\" \/>\n<meta property=\"og:description\" content=\"Laurent &amp; Romain, plus de 50 collaborateurs passionn\u00e9s par le vin et les domaines qui \u0153uvrent pour offrir le meilleur des terroirs \u00e0 chacun d\u2019entre nous.\" \/>\n<meta property=\"og:url\" content=\"https:\/\/laurent-romain.com\/zh-hans\/\" \/>\n<meta property=\"og:site_name\" content=\"Laurent et Romain\" \/>\n<meta property=\"article:modified_time\" content=\"2023-06-13T14:03:12+00:00\" \/>\n<meta name=\"twitter:card\" content=\"summary_large_image\" \/>\n<script type=\"application\/ld+json\" class=\"yoast-schema-graph\">{\"@context\":\"https:\/\/schema.org\",\"@graph\":[{\"@type\":\"WebPage\",\"@id\":\"https:\/\/laurent-romain.com\/zh-hans\/\",\"url\":\"https:\/\/laurent-romain.com\/zh-hans\/\",\"name\":\"Laurent & Romain : Ch\u00e2teaux - marques - domaines\",\"isPartOf\":{\"@id\":\"https:\/\/laurent-romain.com\/zh-hans\/#website\"},\"datePublished\":\"2023-05-12T07:20:07+00:00\",\"dateModified\":\"2023-06-13T14:03:12+00:00\",\"description\":\"Laurent & Romain, plus de 50 collaborateurs passionn\u00e9s par le vin et les domaines qui \u0153uvrent pour offrir le meilleur des terroirs \u00e0 chacun d\u2019entre nous.\",\"breadcrumb\":{\"@id\":\"https:\/\/laurent-romain.com\/zh-hans\/#breadcrumb\"},\"inLanguage\":\"zh-Hans\",\"potentialAction\":[{\"@type\":\"ReadAction\",\"target\":[\"https:\/\/laurent-romain.com\/zh-hans\/\"]}]},{\"@type\":\"BreadcrumbList\",\"@id\":\"https:\/\/laurent-romain.com\/zh-hans\/#breadcrumb\",\"itemListElement\":[{\"@type\":\"ListItem\",\"position\":1,\"name\":\"Accueil\",\"item\":\"https:\/\/laurent-romain.com\/zh-hans\/\"},{\"@type\":\"ListItem\",\"position\":2,\"name\":\"Accueil\"}]},{\"@type\":\"WebSite\",\"@id\":\"https:\/\/laurent-romain.com\/zh-hans\/#website\",\"url\":\"https:\/\/laurent-romain.com\/zh-hans\/\",\"name\":\"Laurent et Romain\",\"description\":\"Ch\u00e2teaux, Marques et Domaines\",\"potentialAction\":[{\"@type\":\"SearchAction\",\"target\":{\"@type\":\"EntryPoint\",\"urlTemplate\":\"https:\/\/laurent-romain.com\/zh-hans\/?s={search_term_string}\"},\"query-input\":\"required name=search_term_string\"}],\"inLanguage\":\"zh-Hans\"}]}<\/script>\n<!-- \/ Yoast SEO plugin. -->","yoast_head_json":{"title":"Laurent & Romain : Ch\u00e2teaux - marques - domaines","description":"Laurent & Romain, plus de 50 collaborateurs passionn\u00e9s par le vin et les domaines qui \u0153uvrent pour offrir le meilleur des terroirs \u00e0 chacun d\u2019entre nous.","robots":{"index":"index","follow":"follow","max-snippet":"max-snippet:-1","max-image-preview":"max-image-preview:large","max-video-preview":"max-video-preview:-1"},"canonical":"https:\/\/laurent-romain.com\/zh-hans\/","og_locale":"zh_CN","og_type":"article","og_title":"Laurent & Romain : Ch\u00e2teaux - marques - domaines","og_description":"Laurent & Romain, plus de 50 collaborateurs passionn\u00e9s par le vin et les domaines qui \u0153uvrent pour offrir le meilleur des terroirs \u00e0 chacun d\u2019entre nous.","og_url":"https:\/\/laurent-romain.com\/zh-hans\/","og_site_name":"Laurent et Romain","article_modified_time":"2023-06-13T14:03:12+00:00","twitter_card":"summary_large_image","schema":{"@context":"https:\/\/schema.org","@graph":[{"@type":"WebPage","@id":"https:\/\/laurent-romain.com\/zh-hans\/","url":"https:\/\/laurent-romain.com\/zh-hans\/","name":"Laurent & Romain : Ch\u00e2teaux - marques - domaines","isPartOf":{"@id":"https:\/\/laurent-romain.com\/zh-hans\/#website"},"datePublished":"2023-05-12T07:20:07+00:00","dateModified":"2023-06-13T14:03:12+00:00","description":"Laurent & Romain, plus de 50 collaborateurs passionn\u00e9s par le vin et les domaines qui \u0153uvrent pour offrir le meilleur des terroirs \u00e0 chacun d\u2019entre nous.","breadcrumb":{"@id":"https:\/\/laurent-romain.com\/zh-hans\/#breadcrumb"},"inLanguage":"zh-Hans","potentialAction":[{"@type":"ReadAction","target":["https:\/\/laurent-romain.com\/zh-hans\/"]}]},{"@type":"BreadcrumbList","@id":"https:\/\/laurent-romain.com\/zh-hans\/#breadcrumb","itemListElement":[{"@type":"ListItem","position":1,"name":"Accueil","item":"https:\/\/laurent-romain.com\/zh-hans\/"},{"@type":"ListItem","position":2,"name":"Accueil"}]},{"@type":"WebSite","@id":"https:\/\/laurent-romain.com\/zh-hans\/#website","url":"https:\/\/laurent-romain.com\/zh-hans\/","name":"Laurent et Romain","description":"Ch\u00e2teaux, Marques et Domaines","potentialAction":[{"@type":"SearchAction","target":{"@type":"EntryPoint","urlTemplate":"https:\/\/laurent-romain.com\/zh-hans\/?s={search_term_string}"},"query-input":"required name=search_term_string"}],"inLanguage":"zh-Hans"}]}},"_links":{"self":[{"href":"https:\/\/laurent-romain.com\/zh-hans\/wp-json\/wp\/v2\/pages\/1110","targetHints":{"allow":["GET"]}}],"collection":[{"href":"https:\/\/laurent-romain.com\/zh-hans\/wp-json\/wp\/v2\/pages"}],"about":[{"href":"https:\/\/laurent-romain.com\/zh-hans\/wp-json\/wp\/v2\/types\/page"}],"author":[{"embeddable":true,"href":"https:\/\/laurent-romain.com\/zh-hans\/wp-json\/wp\/v2\/users\/1"}],"replies":[{"embeddable":true,"href":"https:\/\/laurent-romain.com\/zh-hans\/wp-json\/wp\/v2\/comments?post=1110"}],"version-history":[{"count":3,"href":"https:\/\/laurent-romain.com\/zh-hans\/wp-json\/wp\/v2\/pages\/1110\/revisions"}],"predecessor-version":[{"id":1113,"href":"https:\/\/laurent-romain.com\/zh-hans\/wp-json\/wp\/v2\/pages\/1110\/revisions\/1113"}],"wp:attachment":[{"href":"https:\/\/laurent-romain.com\/zh-hans\/wp-json\/wp\/v2\/media?parent=1110"}],"curies":[{"name":"wp","href":"https:\/\/api.w.org\/{rel}","templated":true}]}}